{"id":1849,"date":"2024-12-23T12:42:17","date_gmt":"2024-12-23T11:42:17","guid":{"rendered":"https:\/\/www.alterinibus.it\/privacy-policy\/"},"modified":"2025-01-02T01:18:22","modified_gmt":"2025-01-02T00:18:22","slug":"privacy-policy","status":"publish","type":"page","link":"https:\/\/www.alterinibus.it\/es\/privacy-policy\/","title":{"rendered":"Privacy Policy"},"content":{"rendered":"\n<style type=\"text\/css\" data-created_by=\"avia_inline_auto\" id=\"style-css-av-m51shybg-f434300d2cbdb46f22d5eae89647035d\">\n#top .av-special-heading.av-m51shybg-f434300d2cbdb46f22d5eae89647035d{\npadding-bottom:10px;\n}\nbody .av-special-heading.av-m51shybg-f434300d2cbdb46f22d5eae89647035d .av-special-heading-tag .heading-char{\nfont-size:25px;\n}\n.av-special-heading.av-m51shybg-f434300d2cbdb46f22d5eae89647035d .av-subheading{\nfont-size:15px;\n}\n<\/style>\n<div  class='av-special-heading av-m51shybg-f434300d2cbdb46f22d5eae89647035d av-special-heading-h1 blockquote modern-quote  avia-builder-el-0  el_before_av_textblock  avia-builder-el-first '><h1 class='av-special-heading-tag '  itemprop=\"headline\"  >Privacy policy<\/h1><div class=\"special-heading-border\"><div class=\"special-heading-inner-border\"><\/div><\/div><\/div>\n<section  class='av_textblock_section av-m51shg53-eebccc8f482470d1d09c3db8e9a0fa55 '   itemscope=\"itemscope\" itemtype=\"https:\/\/schema.org\/CreativeWork\" ><div class='avia_textblock'  itemprop=\"text\" ><p><strong>Con la entrada en vigor del nuevo Reglamento Europeo (UE) 2016\/679 (llamado GDPR) relacionado con la privacidad y en consideraci\u00f3n de la importancia que reconocemos en la protecci\u00f3n de sus datos personales, hemos actualizado nuestra informaci\u00f3n de privacidad sobre la base de principio de transparencia y todos los elementos requeridos por el art\u00edculo 13 del GDPR que prev\u00e9 la protecci\u00f3n de las personas y otros sujetos con respecto al procesamiento de datos personales, la <u>Empresa<\/u> ALTERINI BUS S.R.L. con sede en Florencia, Via Viuzzo delle Calvane 15, el Responsable del tratamiento est\u00e1 obligado a proporcionar cierta informaci\u00f3n sobre el uso de los datos personales.<\/strong><\/p>\n<p>Este tratamiento se basar\u00e1 en los principios de correcci\u00f3n, licitud y transparencia y protecci\u00f3n de su privacidad y sus derechos.<\/p>\n<ol>\n<li>Los datos que nos facilitas ser\u00e1n tratados con las siguientes posibles finalidades:<\/li>\n<li>a) <strong>Si desea convertirse en cliente\/proveedor<\/strong> <\/li>\n<\/ol>\n<p>Se le solicitar\u00e1n los siguientes datos: nombre &#8211; apellidos &#8211; direcci\u00f3n &#8211; c\u00f3digo fiscal &#8211; fecha y lugar de nacimiento &#8211; tel\u00e9fono y correo electr\u00f3nico y, cuando sea necesario para la relaci\u00f3n comercial, sus datos bancarios<\/p>\n<p>El suministro de estos datos ser\u00e1 utilizado con fines de gesti\u00f3n administrativa y tiene car\u00e1cter facultativo, no obstante su negativa har\u00e1 imposible activar la relaci\u00f3n solicitada.<\/p>\n<ol>\n<li>b) <strong>Si solicita informaci\u00f3n a trav\u00e9s del formulario de contacto se le preguntar\u00e1:<\/strong><\/li>\n<\/ol>\n<p>nombre, apellidos, raz\u00f3n social, ciudad, provincia, tel\u00e9fono, correo electr\u00f3nico y un mensaje informativo. El suministro de estos datos, utilizados con fines administrativos, de gesti\u00f3n comercial y de atenci\u00f3n al cliente, es opcional, no obstante su negativa imposibilitar\u00e1 la recepci\u00f3n de informaci\u00f3n. sobre la empresa.<\/p>\n<ol>\n<li>c) <strong>Si solicita un servicio de nuestra empresa<\/strong><\/li>\n<\/ol>\n<p>Se le solicitar\u00e1n los siguientes datos: nombre &#8211; apellidos &#8211; direcci\u00f3n &#8211; tel\u00e9fono &#8211; lugar de env\u00edo &#8211; direcci\u00f3n &#8211; c\u00f3digo fiscal o NIF &#8211; El suministro de estos datos con fines de gesti\u00f3n administrativa de los propios productos y servicios; es opcional, sin embargo cualquier negativa imposibilitar\u00e1 la realizaci\u00f3n del servicio solicitado u obtenci\u00f3n del producto solicitado<\/p>\n<ol>\n<li>d) Si activa una relaci\u00f3n laboral\/colaboraci\u00f3n profesional con la <strong>Empresa<\/strong><\/li>\n<\/ol>\n<p>Se le solicitar\u00e1: Nombre &#8211; apellidos &#8211; direcci\u00f3n &#8211; c\u00f3digo fiscal &#8211; fecha y lugar de nacimiento &#8211; tel\u00e9fono y correo electr\u00f3nico, datos relativos a los m\u00e9todos de pago de los servicios (datos bancarios o postales) y cualquier otro dato necesario para:<\/p>\n<p>&#8211; determinar y pagar el salario\/compensaci\u00f3n<\/p>\n<p>&#8211; el cumplimiento de obligaciones de seguro, legales y contractuales<\/p>\n<p>&#8211; el cumplimiento de obligaciones frente a las instituciones de asistencia y seguridad social, as\u00ed como frente a la administraci\u00f3n financiera<\/p>\n<p>El suministro de estos datos es necesario para la consecuci\u00f3n de los fines de la <strong>Empresa<\/strong> y para la gesti\u00f3n de la relaci\u00f3n laboral\/colaboraci\u00f3n.<\/p>\n<p>El tratamiento de todos estos datos se realizar\u00e1 dentro de los l\u00edmites indicados por el Garante.<\/p>\n<ol>\n<li>Los datos ser\u00e1n tratados utilizando herramientas adecuadas para garantizar la seguridad y confidencialidad y podr\u00e1n realizarse no s\u00f3lo en soporte papel, sino tambi\u00e9n a trav\u00e9s de herramientas automatizadas (tanto inform\u00e1ticas como telem\u00e1ticas) dise\u00f1adas para almacenar, gestionar y transmitir los propios datos.<\/li>\n<li>Comunicaci\u00f3n de datos:<\/li>\n<li>a) <strong>relativos a clientes\/proveedores\/miembros y\/o voluntarios<\/strong>: los datos no ser\u00e1n cedidos ni cedidos por ning\u00fan motivo a terceros sin su autorizaci\u00f3n expl\u00edcita.<\/li>\n<li><strong>relativos a los inscritos en la lista de correo<\/strong>: los datos no se comunicar\u00e1n a terceros.<\/li>\n<li><strong>relativos a la realizaci\u00f3n de un servicio solicitado<\/strong>: al ser estos datos proporcionados voluntariamente para una prestaci\u00f3n de servicio espec\u00edfica, no ser\u00e1n cedidos ni cedidos por ning\u00fan motivo a terceros sin su autorizaci\u00f3n expl\u00edcita<\/li>\n<li>El responsable del tratamiento es la <strong>empresa<\/strong> Alterini Bus SRL con sede en Florencia, Viuzzo delle Calvane 15.<\/li>\n<li>El Responsable del Tratamiento es Roberto Alterini<\/li>\n<\/ol>\n<ol>\n<li>En cualquier momento podr\u00e1 ejercer todos sus derechos frente al Responsable del tratamiento. Es posible ejercer todos los derechos previstos por el Reglamento frente a la organizaci\u00f3n, incluidos:<\/li>\n<\/ol>\n<p><em>&#8211; obtener confirmaci\u00f3n de la existencia de datos personales que le conciernen, incluso si a\u00fan no est\u00e1n registrados, y comunicaci\u00f3n en forma inteligible<\/em><\/p>\n<p><em>&#8211; obtener indicaci\u00f3n del origen de los datos personales, as\u00ed como de los fines y m\u00e9todos del procesamiento<\/em><\/p>\n<p><em>&#8211; obtener una indicaci\u00f3n de la l\u00f3gica aplicada en los tratamientos realizados con la ayuda de instrumentos electr\u00f3nicos<\/em><\/p>\n<p><em>&#8211; obtener la actualizaci\u00f3n, rectificaci\u00f3n o, cuando est\u00e9 interesado, integraci\u00f3n de los datos<\/em><\/p>\n<p><em>&#8211; obtener la cancelaci\u00f3n, la transformaci\u00f3n en forma an\u00f3nima o el bloqueo de los datos tratados en violaci\u00f3n de la ley<\/em><\/p>\n<p><em>&#8211; obtener la cancelaci\u00f3n, transformaci\u00f3n en forma an\u00f3nima o bloqueo de los datos cuya conservaci\u00f3n no es necesaria, en relaci\u00f3n con los fines para los cuales fueron recogidos o posteriormente tratados<\/em><\/p>\n<p><em>&#8211; obtener certificaci\u00f3n de que la actualizaci\u00f3n, rectificaci\u00f3n, integraci\u00f3n, cancelaci\u00f3n, transformaci\u00f3n en forma an\u00f3nima o bloqueo han sido puestos en conocimiento, tambi\u00e9n en lo que respecta al contenido, de aquellos a quienes los datos fueron comunicados o difundidos, excepto en los casos en que tal cumplimiento resulta imposible o implica el uso de medios manifiestamente desproporcionados con respecto al derecho protegido<\/em><\/p>\n<p><em>&#8211; oponerse, total o parcialmente, por motivos leg\u00edtimos, al tratamiento de datos personales que le conciernen, incluso si son pertinentes para la finalidad de la recogida<\/em><\/p>\n<p><em>&#8211; oponerse, total o parcialmente, al tratamiento de sus datos personales con el fin de enviar material publicitario o de venta directa o para realizar estudios de mercado o comunicaciones comerciales.<\/em><\/p>\n<p>\u00daltima modificaci\u00f3n 06\/01\/2018<\/p>\n<\/div><\/section>\n","protected":false},"excerpt":{"rendered":"","protected":false},"author":1,"featured_media":0,"parent":0,"menu_order":0,"comment_status":"closed","ping_status":"open","template":"","meta":{"_monsterinsights_skip_tracking":false,"_monsterinsights_sitenote_active":false,"_monsterinsights_sitenote_note":"","_monsterinsights_sitenote_category":0,"footnotes":""},"class_list":["post-1849","page","type-page","status-publish","hentry"],"yoast_head":"<!-- This site is optimized with the Yoast SEO plugin v27.4 - https:\/\/yoast.com\/product\/yoast-seo-wordpress\/ -->\n<title>Privacy Policy - Alterini Bus<\/title>\n<meta name=\"description\" content=\"Privacy Policy\" \/>\n<meta name=\"robots\" content=\"index, follow, max-snippet:-1, max-image-preview:large, max-video-preview:-1\" \/>\n<link rel=\"canonical\" href=\"https:\/\/www.alterinibus.it\/es\/privacy-policy\/\" \/>\n<meta property=\"og:locale\" content=\"es_ES\" \/>\n<meta property=\"og:type\" content=\"article\" \/>\n<meta property=\"og:title\" content=\"Privacy Policy - Alterini Bus\" \/>\n<meta property=\"og:description\" content=\"Privacy Policy\" \/>\n<meta property=\"og:url\" content=\"https:\/\/www.alterinibus.it\/es\/privacy-policy\/\" \/>\n<meta property=\"og:site_name\" content=\"Alterini Bus\" \/>\n<meta property=\"article:modified_time\" content=\"2025-01-02T00:18:22+00:00\" \/>\n<meta name=\"twitter:card\" content=\"summary_large_image\" \/>\n<meta name=\"twitter:label1\" content=\"Tiempo de lectura\" \/>\n\t<meta name=\"twitter:data1\" content=\"6 minutos\" \/>\n<script type=\"application\/ld+json\" class=\"yoast-schema-graph\">{\"@context\":\"https:\\\/\\\/schema.org\",\"@graph\":[{\"@type\":\"WebPage\",\"@id\":\"https:\\\/\\\/www.alterinibus.it\\\/es\\\/privacy-policy\\\/\",\"url\":\"https:\\\/\\\/www.alterinibus.it\\\/es\\\/privacy-policy\\\/\",\"name\":\"Privacy Policy - Alterini Bus\",\"isPartOf\":{\"@id\":\"https:\\\/\\\/www.alterinibus.it\\\/es\\\/#website\"},\"datePublished\":\"2024-12-23T11:42:17+00:00\",\"dateModified\":\"2025-01-02T00:18:22+00:00\",\"description\":\"Privacy Policy\",\"breadcrumb\":{\"@id\":\"https:\\\/\\\/www.alterinibus.it\\\/es\\\/privacy-policy\\\/#breadcrumb\"},\"inLanguage\":\"es\",\"potentialAction\":[{\"@type\":\"ReadAction\",\"target\":[\"https:\\\/\\\/www.alterinibus.it\\\/es\\\/privacy-policy\\\/\"]}]},{\"@type\":\"BreadcrumbList\",\"@id\":\"https:\\\/\\\/www.alterinibus.it\\\/es\\\/privacy-policy\\\/#breadcrumb\",\"itemListElement\":[{\"@type\":\"ListItem\",\"position\":1,\"name\":\"Home\",\"item\":\"https:\\\/\\\/www.alterinibus.it\\\/es\\\/alterini-bus-alquiler-de-autocares-coches-y-minibuses-en-florencia\\\/\"},{\"@type\":\"ListItem\",\"position\":2,\"name\":\"Privacy Policy\"}]},{\"@type\":\"WebSite\",\"@id\":\"https:\\\/\\\/www.alterinibus.it\\\/es\\\/#website\",\"url\":\"https:\\\/\\\/www.alterinibus.it\\\/es\\\/\",\"name\":\"Alterini Bus\",\"description\":\"Desde hace m\u00e1s de 60 a\u00f1os s\u00f3lo Gran Turismo en Florencia\",\"potentialAction\":[{\"@type\":\"SearchAction\",\"target\":{\"@type\":\"EntryPoint\",\"urlTemplate\":\"https:\\\/\\\/www.alterinibus.it\\\/es\\\/?s={search_term_string}\"},\"query-input\":{\"@type\":\"PropertyValueSpecification\",\"valueRequired\":true,\"valueName\":\"search_term_string\"}}],\"inLanguage\":\"es\"}]}<\/script>\n<!-- \/ Yoast SEO plugin. -->","yoast_head_json":{"title":"Privacy Policy - Alterini Bus","description":"Privacy Policy","robots":{"index":"index","follow":"follow","max-snippet":"max-snippet:-1","max-image-preview":"max-image-preview:large","max-video-preview":"max-video-preview:-1"},"canonical":"https:\/\/www.alterinibus.it\/es\/privacy-policy\/","og_locale":"es_ES","og_type":"article","og_title":"Privacy Policy - Alterini Bus","og_description":"Privacy Policy","og_url":"https:\/\/www.alterinibus.it\/es\/privacy-policy\/","og_site_name":"Alterini Bus","article_modified_time":"2025-01-02T00:18:22+00:00","twitter_card":"summary_large_image","twitter_misc":{"Tiempo de lectura":"6 minutos"},"schema":{"@context":"https:\/\/schema.org","@graph":[{"@type":"WebPage","@id":"https:\/\/www.alterinibus.it\/es\/privacy-policy\/","url":"https:\/\/www.alterinibus.it\/es\/privacy-policy\/","name":"Privacy Policy - Alterini Bus","isPartOf":{"@id":"https:\/\/www.alterinibus.it\/es\/#website"},"datePublished":"2024-12-23T11:42:17+00:00","dateModified":"2025-01-02T00:18:22+00:00","description":"Privacy Policy","breadcrumb":{"@id":"https:\/\/www.alterinibus.it\/es\/privacy-policy\/#breadcrumb"},"inLanguage":"es","potentialAction":[{"@type":"ReadAction","target":["https:\/\/www.alterinibus.it\/es\/privacy-policy\/"]}]},{"@type":"BreadcrumbList","@id":"https:\/\/www.alterinibus.it\/es\/privacy-policy\/#breadcrumb","itemListElement":[{"@type":"ListItem","position":1,"name":"Home","item":"https:\/\/www.alterinibus.it\/es\/alterini-bus-alquiler-de-autocares-coches-y-minibuses-en-florencia\/"},{"@type":"ListItem","position":2,"name":"Privacy Policy"}]},{"@type":"WebSite","@id":"https:\/\/www.alterinibus.it\/es\/#website","url":"https:\/\/www.alterinibus.it\/es\/","name":"Alterini Bus","description":"Desde hace m\u00e1s de 60 a\u00f1os s\u00f3lo Gran Turismo en Florencia","potentialAction":[{"@type":"SearchAction","target":{"@type":"EntryPoint","urlTemplate":"https:\/\/www.alterinibus.it\/es\/?s={search_term_string}"},"query-input":{"@type":"PropertyValueSpecification","valueRequired":true,"valueName":"search_term_string"}}],"inLanguage":"es"}]}},"_links":{"self":[{"href":"https:\/\/www.alterinibus.it\/es\/wp-json\/wp\/v2\/pages\/1849","targetHints":{"allow":["GET"]}}],"collection":[{"href":"https:\/\/www.alterinibus.it\/es\/wp-json\/wp\/v2\/pages"}],"about":[{"href":"https:\/\/www.alterinibus.it\/es\/wp-json\/wp\/v2\/types\/page"}],"author":[{"embeddable":true,"href":"https:\/\/www.alterinibus.it\/es\/wp-json\/wp\/v2\/users\/1"}],"replies":[{"embeddable":true,"href":"https:\/\/www.alterinibus.it\/es\/wp-json\/wp\/v2\/comments?post=1849"}],"version-history":[{"count":2,"href":"https:\/\/www.alterinibus.it\/es\/wp-json\/wp\/v2\/pages\/1849\/revisions"}],"predecessor-version":[{"id":1851,"href":"https:\/\/www.alterinibus.it\/es\/wp-json\/wp\/v2\/pages\/1849\/revisions\/1851"}],"wp:attachment":[{"href":"https:\/\/www.alterinibus.it\/es\/wp-json\/wp\/v2\/media?parent=1849"}],"curies":[{"name":"wp","href":"https:\/\/api.w.org\/{rel}","templated":true}]}}