{"id":1808,"date":"2024-12-24T04:20:10","date_gmt":"2024-12-24T03:20:10","guid":{"rendered":"https:\/\/www.alterinibus.it\/servicios\/"},"modified":"2025-01-08T14:13:33","modified_gmt":"2025-01-08T13:13:33","slug":"servicios","status":"publish","type":"page","link":"https:\/\/www.alterinibus.it\/es\/servicios\/","title":{"rendered":"Servicios"},"content":{"rendered":"<div id='av-layout-grid-1'  class='av-layout-grid-container av-7nloit-e72050b3d3ff953846ab6646d65aebad entry-content-wrapper main_color av-flex-cells  avia-builder-el-0  el_before_av_layout_row  avia-builder-el-first   container_wrap sidebar_right'  >\n\n<style type=\"text\/css\" data-created_by=\"avia_inline_auto\" id=\"style-css-av-7iksy5-515b7cb9660750d54079a861f87b770b\">\n.flex_cell.av-7iksy5-515b7cb9660750d54079a861f87b770b{\nvertical-align:middle;\nheight:500px;\nmin-height:500px;\nbackground:url(https:\/\/www.alterinibus.it\/wp-content\/uploads\/2024\/12\/servizio1.jpg) 0% 0% no-repeat scroll #22689e;\n}\n.responsive #top #wrap_all .flex_cell.av-7iksy5-515b7cb9660750d54079a861f87b770b{\npadding:0px 0px 0px 0px !important;\n}\n\n@media only screen and (min-width: 480px) and (max-width: 767px){ \n.responsive #top #wrap_all .flex_cell.av-7iksy5-515b7cb9660750d54079a861f87b770b{\npadding:20px 20px 20px 20px !important;\n}\n}\n\n@media only screen and (max-width: 479px){ \n.responsive #top #wrap_all .flex_cell.av-7iksy5-515b7cb9660750d54079a861f87b770b{\npadding:20px 20px 20px 20px !important;\n}\n}\n<\/style>\n<div class='flex_cell av-7iksy5-515b7cb9660750d54079a861f87b770b av-gridrow-cell av_one_half no_margin  avia-builder-el-1  el_before_av_cell_one_half  avia-builder-el-first  av-zero-padding avia-full-stretch'  ><div class='flex_cell_inner'><\/div><\/div>\n<style type=\"text\/css\" data-created_by=\"avia_inline_auto\" id=\"style-css-av-7eaf2t-425eb14915381fc804542ddce555825c\">\n.flex_cell.av-7eaf2t-425eb14915381fc804542ddce555825c{\nvertical-align:middle;\nheight:500px;\nmin-height:500px;\nbackground-color:#22689e;\n}\n.responsive #top #wrap_all .flex_cell.av-7eaf2t-425eb14915381fc804542ddce555825c{\npadding:80px 80px 80px 80px !important;\n}\n\n@media only screen and (min-width: 480px) and (max-width: 767px){ \n.responsive #top #wrap_all .flex_cell.av-7eaf2t-425eb14915381fc804542ddce555825c{\npadding:20px 20px 20px 20px !important;\n}\n}\n\n@media only screen and (max-width: 479px){ \n.responsive #top #wrap_all .flex_cell.av-7eaf2t-425eb14915381fc804542ddce555825c{\npadding:20px 20px 20px 20px !important;\n}\n}\n<\/style>\n<div class='flex_cell av-7eaf2t-425eb14915381fc804542ddce555825c av-gridrow-cell av_one_half no_margin  avia-builder-el-2  el_after_av_cell_one_half  avia-builder-el-last '  ><div class='flex_cell_inner'><p>\n<style type=\"text\/css\" data-created_by=\"avia_inline_auto\" id=\"style-css-av-75pazp-6dff9ea44d35597d37d58eade319d6a2\">\n#top .av-special-heading.av-75pazp-6dff9ea44d35597d37d58eade319d6a2{\npadding-bottom:25px;\ncolor:#ffffff;\nfont-size:34px;\n}\nbody .av-special-heading.av-75pazp-6dff9ea44d35597d37d58eade319d6a2 .av-special-heading-tag .heading-char{\nfont-size:25px;\n}\n#top #wrap_all .av-special-heading.av-75pazp-6dff9ea44d35597d37d58eade319d6a2 .av-special-heading-tag{\nfont-size:34px;\n}\n.av-special-heading.av-75pazp-6dff9ea44d35597d37d58eade319d6a2 .special-heading-inner-border{\nborder-color:#ffffff;\n}\n.av-special-heading.av-75pazp-6dff9ea44d35597d37d58eade319d6a2 .av-subheading{\nfont-size:15px;\n}\n\n@media only screen and (min-width: 480px) and (max-width: 767px){ \n#top #wrap_all .av-special-heading.av-75pazp-6dff9ea44d35597d37d58eade319d6a2 .av-special-heading-tag{\nfont-size:0.8em;\n}\n}\n\n@media only screen and (max-width: 479px){ \n#top #wrap_all .av-special-heading.av-75pazp-6dff9ea44d35597d37d58eade319d6a2 .av-special-heading-tag{\nfont-size:0.8em;\n}\n}\n<\/style>\n<div  class='av-special-heading av-75pazp-6dff9ea44d35597d37d58eade319d6a2 av-special-heading-h1 custom-color-heading blockquote modern-quote  avia-builder-el-3  el_before_av_textblock  avia-builder-el-first  av-inherit-size'><h1 class='av-special-heading-tag '  itemprop=\"headline\"  >Servicios de alquiler de autobuses Alterini para gran turismo.<\/h1><div class='av_custom_color av-subheading av-subheading_below'><p>Servicios de alquiler de autobuses<\/p>\n<\/div><div class=\"special-heading-border\"><div class=\"special-heading-inner-border\"><\/div><\/div><\/div><br \/>\n\n<style type=\"text\/css\" data-created_by=\"avia_inline_auto\" id=\"style-css-av-72sk5p-781079a25085e0d7b4c6d845f0d58210\">\n#top .av_textblock_section.av-72sk5p-781079a25085e0d7b4c6d845f0d58210 .avia_textblock{\ncolor:#ffffff;\n}\n<\/style>\n<section  class='av_textblock_section av-72sk5p-781079a25085e0d7b4c6d845f0d58210 '   itemscope=\"itemscope\" itemtype=\"https:\/\/schema.org\/CreativeWork\" ><div class='avia_textblock av_inherit_color'  itemprop=\"text\" ><p>Iremos donde quieras y cuando quieras para <strong>traslados<\/strong>, <strong>visitas<\/strong> <strong>tur\u00edsticas<\/strong>, <strong>viajes<\/strong> de <strong>negocios<\/strong>, <strong>excursiones<\/strong> de un d\u00eda y <strong>tours<\/strong> en Italia y Europa. Estamos disponibles y flexibles, operamos los <strong>365<\/strong> d\u00edas del a\u00f1o, las <strong>24<\/strong> horas del d\u00eda.<\/p>\n<p><strong class=\"title\">Traslados<\/strong> &#8211; Somos capaces de satisfacer todas sus necesidades de viaje desde la ciudad o aeropuerto a cualquier destino<\/p>\n<p><strong class=\"title\">Provisiones<\/strong> &#8211; Con nuestra flota podemos satisfacer todas sus solicitudes. Reserve nuestros autobuses para excursiones, viajes escolares, conferencias, ceremonias, bodas, eventos y excursiones desde el puerto de Livorno.<\/p>\n<\/div><\/section><\/p>\n<\/div><\/div><\/div><div id='av-layout-grid-2'  class='av-layout-grid-container av-xt8yd-d944d84417973e6e7bd998900663c1b7 entry-content-wrapper main_color av-flex-cells  avia-builder-el-5  el_after_av_layout_row  el_before_av_layout_row  grid-row-not-first  container_wrap sidebar_right'  >\n\n<style type=\"text\/css\" data-created_by=\"avia_inline_auto\" id=\"style-css-av-m51urw6u-427773baf324cc05fe8ea9200352e8e9\">\n.flex_cell.av-m51urw6u-427773baf324cc05fe8ea9200352e8e9{\nvertical-align:middle;\nheight:500px;\nmin-height:500px;\nbackground-color:#22689e;\n}\n.responsive #top #wrap_all .flex_cell.av-m51urw6u-427773baf324cc05fe8ea9200352e8e9{\npadding:80px 80px 80px 80px !important;\n}\n\n@media only screen and (min-width: 480px) and (max-width: 767px){ \n.responsive #top #wrap_all .flex_cell.av-m51urw6u-427773baf324cc05fe8ea9200352e8e9{\npadding:20px 20px 20px 20px !important;\n}\n}\n\n@media only screen and (max-width: 479px){ \n.responsive #top #wrap_all .flex_cell.av-m51urw6u-427773baf324cc05fe8ea9200352e8e9{\npadding:20px 20px 20px 20px !important;\n}\n}\n<\/style>\n<div class='flex_cell av-m51urw6u-427773baf324cc05fe8ea9200352e8e9 av-gridrow-cell av_one_half no_margin  avia-builder-el-6  el_before_av_cell_one_half  avia-builder-el-first  avia-full-stretch'  ><div class='flex_cell_inner'><p>\n<style type=\"text\/css\" data-created_by=\"avia_inline_auto\" id=\"style-css-av-8h2zp-3f56a8e06f4c5112e309af3cf7464715\">\n#top .av-special-heading.av-8h2zp-3f56a8e06f4c5112e309af3cf7464715{\npadding-bottom:20px;\ncolor:#ffffff;\nfont-size:34px;\n}\nbody .av-special-heading.av-8h2zp-3f56a8e06f4c5112e309af3cf7464715 .av-special-heading-tag .heading-char{\nfont-size:25px;\n}\n#top #wrap_all .av-special-heading.av-8h2zp-3f56a8e06f4c5112e309af3cf7464715 .av-special-heading-tag{\nfont-size:34px;\n}\n.av-special-heading.av-8h2zp-3f56a8e06f4c5112e309af3cf7464715 .special-heading-inner-border{\nborder-color:#ffffff;\n}\n.av-special-heading.av-8h2zp-3f56a8e06f4c5112e309af3cf7464715 .av-subheading{\nfont-size:15px;\n}\n\n@media only screen and (min-width: 480px) and (max-width: 767px){ \n#top #wrap_all .av-special-heading.av-8h2zp-3f56a8e06f4c5112e309af3cf7464715 .av-special-heading-tag{\nfont-size:0.8em;\n}\n}\n\n@media only screen and (max-width: 479px){ \n#top #wrap_all .av-special-heading.av-8h2zp-3f56a8e06f4c5112e309af3cf7464715 .av-special-heading-tag{\nfont-size:0.8em;\n}\n}\n<\/style>\n<div  class='av-special-heading av-8h2zp-3f56a8e06f4c5112e309af3cf7464715 av-special-heading-h3 custom-color-heading blockquote modern-quote  avia-builder-el-7  el_before_av_textblock  avia-builder-el-first  av-inherit-size'><h3 class='av-special-heading-tag '  itemprop=\"headline\"  >Puntos de encuentro<\/h3><div class='av_custom_color av-subheading av-subheading_below'><p>Servicios de autob\u00fas Alterini<\/p>\n<\/div><div class=\"special-heading-border\"><div class=\"special-heading-inner-border\"><\/div><\/div><\/div><br \/>\n\n<style type=\"text\/css\" data-created_by=\"avia_inline_auto\" id=\"style-css-av-apsut-d63da83e3264c4a01ccdc89ead9bcfe7\">\n#top .av_textblock_section.av-apsut-d63da83e3264c4a01ccdc89ead9bcfe7 .avia_textblock{\ncolor:#ffffff;\n}\n<\/style>\n<section  class='av_textblock_section av-apsut-d63da83e3264c4a01ccdc89ead9bcfe7 '   itemscope=\"itemscope\" itemtype=\"https:\/\/schema.org\/CreativeWork\" ><div class='avia_textblock av_inherit_color'  itemprop=\"text\" ><p>El conductor esperar\u00e1 a los clientes con un cartel indicando su nombre o cualquier otro dato acordado en el momento de la reserva:<\/p>\n<ul>\n<li>En el aeropuerto en la salida de llegadas.<\/li>\n<li>En la estaci\u00f3n del and\u00e9n de llegadas.<\/li>\n<li>En el puerto en el muelle de atraque.<\/li>\n<li>A cada direcci\u00f3n solicitada<\/li>\n<\/ul>\n<\/div><\/section><\/p>\n<\/div><\/div>\n<style type=\"text\/css\" data-created_by=\"avia_inline_auto\" id=\"style-css-av-1fuh9-de955712be85892aa531b524346663cb\">\n.flex_cell.av-1fuh9-de955712be85892aa531b524346663cb{\nvertical-align:middle;\nheight:500px;\nmin-height:500px;\nbackground:url(https:\/\/www.alterinibus.it\/wp-content\/uploads\/2025\/01\/servizi-setra-santa-maria-novella.jpg) 50% 50% no-repeat scroll ;\n}\n.responsive #top #wrap_all .flex_cell.av-1fuh9-de955712be85892aa531b524346663cb{\npadding:80px 80px 80px 80px !important;\n}\n\n@media only screen and (min-width: 480px) and (max-width: 767px){ \n.responsive #top #wrap_all .flex_cell.av-1fuh9-de955712be85892aa531b524346663cb{\npadding:20px 20px 20px 20px !important;\n}\n}\n\n@media only screen and (max-width: 479px){ \n.responsive #top #wrap_all .flex_cell.av-1fuh9-de955712be85892aa531b524346663cb{\npadding:20px 20px 20px 20px !important;\n}\n}\n<\/style>\n<div class='flex_cell av-1fuh9-de955712be85892aa531b524346663cb av-gridrow-cell av_one_half no_margin  avia-builder-el-9  el_after_av_cell_one_half  avia-builder-el-last '  ><div class='flex_cell_inner'><\/div><\/div>\n<\/div><\/p>\n<div id='av-layout-grid-3'  class='av-layout-grid-container av-2m8rml-f0d606b424d62a847304f6b7ab6a9ede entry-content-wrapper main_color av-flex-cells  avia-builder-el-10  el_after_av_layout_row  avia-builder-el-last  grid-row-not-first  container_wrap sidebar_right'  >\n\n<style type=\"text\/css\" data-created_by=\"avia_inline_auto\" id=\"style-css-av-2c9gfx-205f1b28af2c2dbba9968a6abb7b8751\">\n.flex_cell.av-2c9gfx-205f1b28af2c2dbba9968a6abb7b8751{\nvertical-align:middle;\nheight:500px;\nmin-height:500px;\nbackground:url(https:\/\/www.alterinibus.it\/wp-content\/uploads\/2025\/01\/servizi-setra-interni.jpg) 50% 50% no-repeat scroll ;\n}\n.responsive #top #wrap_all .flex_cell.av-2c9gfx-205f1b28af2c2dbba9968a6abb7b8751{\npadding:0px 0px 0px 0px !important;\n}\n\n@media only screen and (min-width: 480px) and (max-width: 767px){ \n.responsive #top #wrap_all .flex_cell.av-2c9gfx-205f1b28af2c2dbba9968a6abb7b8751{\npadding:20px 20px 20px 20px !important;\n}\n}\n\n@media only screen and (max-width: 479px){ \n.responsive #top #wrap_all .flex_cell.av-2c9gfx-205f1b28af2c2dbba9968a6abb7b8751{\npadding:20px 20px 20px 20px !important;\n}\n}\n<\/style>\n<div class='flex_cell av-2c9gfx-205f1b28af2c2dbba9968a6abb7b8751 av-gridrow-cell av_one_half no_margin  avia-builder-el-11  el_before_av_cell_one_half  avia-builder-el-first  av-zero-padding avia-full-stretch'  ><div class='flex_cell_inner'><\/div><\/div>\n<style type=\"text\/css\" data-created_by=\"avia_inline_auto\" id=\"style-css-av-2aze9h-b92a82e503a600ede8d10f1f042f983b\">\n.flex_cell.av-2aze9h-b92a82e503a600ede8d10f1f042f983b{\nvertical-align:middle;\nheight:500px;\nmin-height:500px;\nbackground-color:#22689e;\n}\n.responsive #top #wrap_all .flex_cell.av-2aze9h-b92a82e503a600ede8d10f1f042f983b{\npadding:80px 80px 80px 80px !important;\n}\n\n@media only screen and (min-width: 480px) and (max-width: 767px){ \n.responsive #top #wrap_all .flex_cell.av-2aze9h-b92a82e503a600ede8d10f1f042f983b{\npadding:20px 20px 20px 20px !important;\n}\n}\n\n@media only screen and (max-width: 479px){ \n.responsive #top #wrap_all .flex_cell.av-2aze9h-b92a82e503a600ede8d10f1f042f983b{\npadding:20px 20px 20px 20px !important;\n}\n}\n<\/style>\n<div class='flex_cell av-2aze9h-b92a82e503a600ede8d10f1f042f983b av-gridrow-cell av_one_half no_margin  avia-builder-el-12  el_after_av_cell_one_half  avia-builder-el-last '  ><div class='flex_cell_inner'><p>\n<style type=\"text\/css\" data-created_by=\"avia_inline_auto\" id=\"style-css-av-24ui3p-450f7cc39c9b190fad918097a37c50b7\">\n#top .av-special-heading.av-24ui3p-450f7cc39c9b190fad918097a37c50b7{\npadding-bottom:25px;\ncolor:#ffffff;\nfont-size:34px;\n}\nbody .av-special-heading.av-24ui3p-450f7cc39c9b190fad918097a37c50b7 .av-special-heading-tag .heading-char{\nfont-size:25px;\n}\n#top #wrap_all .av-special-heading.av-24ui3p-450f7cc39c9b190fad918097a37c50b7 .av-special-heading-tag{\nfont-size:34px;\n}\n.av-special-heading.av-24ui3p-450f7cc39c9b190fad918097a37c50b7 .special-heading-inner-border{\nborder-color:#ffffff;\n}\n.av-special-heading.av-24ui3p-450f7cc39c9b190fad918097a37c50b7 .av-subheading{\nfont-size:15px;\n}\n\n@media only screen and (min-width: 480px) and (max-width: 767px){ \n#top #wrap_all .av-special-heading.av-24ui3p-450f7cc39c9b190fad918097a37c50b7 .av-special-heading-tag{\nfont-size:0.8em;\n}\n}\n\n@media only screen and (max-width: 479px){ \n#top #wrap_all .av-special-heading.av-24ui3p-450f7cc39c9b190fad918097a37c50b7 .av-special-heading-tag{\nfont-size:0.8em;\n}\n}\n<\/style>\n<div  class='av-special-heading av-24ui3p-450f7cc39c9b190fad918097a37c50b7 av-special-heading-h3 custom-color-heading blockquote modern-quote  avia-builder-el-13  el_before_av_textblock  avia-builder-el-first  av-inherit-size'><h3 class='av-special-heading-tag '  itemprop=\"headline\"  >Nuestro compromiso y el de todos nuestros conductores <\/h3><div class='av_custom_color av-subheading av-subheading_below'><p>se traduce en puntualidad, confiabilidad y amabilidad<\/p>\n<\/div><div class=\"special-heading-border\"><div class=\"special-heading-inner-border\"><\/div><\/div><\/div><br \/>\n\n<style type=\"text\/css\" data-created_by=\"avia_inline_auto\" id=\"style-css-av-1x0hbp-c44cf212d55154a5e0b8cb6cc4bc096c\">\n#top .av_textblock_section.av-1x0hbp-c44cf212d55154a5e0b8cb6cc4bc096c .avia_textblock{\ncolor:#ffffff;\n}\n<\/style>\n<section  class='av_textblock_section av-1x0hbp-c44cf212d55154a5e0b8cb6cc4bc096c '   itemscope=\"itemscope\" itemtype=\"https:\/\/schema.org\/CreativeWork\" ><div class='avia_textblock av_inherit_color'  itemprop=\"text\" ><p class=\"paragraph\">Dado que cada viaje es diferente, no podemos publicar una lista de precios fijos en nuestro sitio web. Todas las solicitudes se cotizar\u00e1n individualmente en funci\u00f3n de una serie de factores, pero solo por lo solicitado, nada m\u00e1s y nada menos. No tenemos un \u201ccoste m\u00ednimo de alquiler\u201d.<\/p>\n<p class=\"paragraph\"><strong class=\"title\">Puntualidad<\/strong>: y la garant\u00eda de viajar con todas las comodidades, as\u00ed como la disponibilidad 24 horas de nuestro personal para satisfacer todas sus necesidades.<\/p>\n<p class=\"paragraph\"><strong class=\"title\">Profesionalidad<\/strong>: del personal: todos los conductores son profesionales expertos, cuya primera tarea es satisfacer al cliente con compromiso y cortes\u00eda.<\/p>\n<p class=\"paragraph\"><strong class=\"title\">Seguridad<\/strong>: viajar con veh\u00edculos siempre de m\u00e1xima eficiencia y asegurados con una compa\u00f1\u00eda de seguros primaria como UNIPOL-SAI.<\/p>\n<p class=\"paragraph\"><strong class=\"title\">Certeza<\/strong>: que has elegido entre lo mejor que nuestro sector puede ofrecer<\/p>\n<\/div><\/section><\/p>\n<\/div><\/div>\n<\/div>\n","protected":false},"excerpt":{"rendered":"","protected":false},"author":1,"featured_media":0,"parent":0,"menu_order":0,"comment_status":"closed","ping_status":"closed","template":"","meta":{"_monsterinsights_skip_tracking":false,"_monsterinsights_sitenote_active":false,"_monsterinsights_sitenote_note":"","_monsterinsights_sitenote_category":0,"footnotes":""},"class_list":["post-1808","page","type-page","status-publish","hentry"],"yoast_head":"<!-- This site is optimized with the Yoast SEO plugin v27.4 - https:\/\/yoast.com\/product\/yoast-seo-wordpress\/ -->\n<title>Servicios - Alterini Bus<\/title>\n<meta name=\"description\" content=\"Servicios. Iremos donde quieras y cuando quieras para traslados, visitas tur\u00edsticas, viajes de negocios, viajes y tours en Italia y Europa.\" \/>\n<meta name=\"robots\" content=\"index, follow, max-snippet:-1, max-image-preview:large, max-video-preview:-1\" \/>\n<link rel=\"canonical\" href=\"https:\/\/www.alterinibus.it\/es\/servicios\/\" \/>\n<meta property=\"og:locale\" content=\"es_ES\" \/>\n<meta property=\"og:type\" content=\"article\" \/>\n<meta property=\"og:title\" content=\"Servicios - Alterini Bus\" \/>\n<meta property=\"og:description\" content=\"Servicios. Iremos donde quieras y cuando quieras para traslados, visitas tur\u00edsticas, viajes de negocios, viajes y tours en Italia y Europa.\" \/>\n<meta property=\"og:url\" content=\"https:\/\/www.alterinibus.it\/es\/servicios\/\" \/>\n<meta property=\"og:site_name\" content=\"Alterini Bus\" \/>\n<meta property=\"article:modified_time\" content=\"2025-01-08T13:13:33+00:00\" \/>\n<meta name=\"twitter:card\" content=\"summary_large_image\" \/>\n<meta name=\"twitter:label1\" content=\"Tiempo de lectura\" \/>\n\t<meta name=\"twitter:data1\" content=\"2 minutos\" \/>\n<script type=\"application\/ld+json\" class=\"yoast-schema-graph\">{\"@context\":\"https:\\\/\\\/schema.org\",\"@graph\":[{\"@type\":\"WebPage\",\"@id\":\"https:\\\/\\\/www.alterinibus.it\\\/es\\\/servicios\\\/\",\"url\":\"https:\\\/\\\/www.alterinibus.it\\\/es\\\/servicios\\\/\",\"name\":\"Servicios - Alterini Bus\",\"isPartOf\":{\"@id\":\"https:\\\/\\\/www.alterinibus.it\\\/es\\\/#website\"},\"datePublished\":\"2024-12-24T03:20:10+00:00\",\"dateModified\":\"2025-01-08T13:13:33+00:00\",\"description\":\"Servicios. Iremos donde quieras y cuando quieras para traslados, visitas tur\u00edsticas, viajes de negocios, viajes y tours en Italia y Europa.\",\"breadcrumb\":{\"@id\":\"https:\\\/\\\/www.alterinibus.it\\\/es\\\/servicios\\\/#breadcrumb\"},\"inLanguage\":\"es\",\"potentialAction\":[{\"@type\":\"ReadAction\",\"target\":[\"https:\\\/\\\/www.alterinibus.it\\\/es\\\/servicios\\\/\"]}]},{\"@type\":\"BreadcrumbList\",\"@id\":\"https:\\\/\\\/www.alterinibus.it\\\/es\\\/servicios\\\/#breadcrumb\",\"itemListElement\":[{\"@type\":\"ListItem\",\"position\":1,\"name\":\"Home\",\"item\":\"https:\\\/\\\/www.alterinibus.it\\\/es\\\/alterini-bus-alquiler-de-autocares-coches-y-minibuses-en-florencia\\\/\"},{\"@type\":\"ListItem\",\"position\":2,\"name\":\"Servicios\"}]},{\"@type\":\"WebSite\",\"@id\":\"https:\\\/\\\/www.alterinibus.it\\\/es\\\/#website\",\"url\":\"https:\\\/\\\/www.alterinibus.it\\\/es\\\/\",\"name\":\"Alterini Bus\",\"description\":\"Desde hace m\u00e1s de 60 a\u00f1os s\u00f3lo Gran Turismo en Florencia\",\"potentialAction\":[{\"@type\":\"SearchAction\",\"target\":{\"@type\":\"EntryPoint\",\"urlTemplate\":\"https:\\\/\\\/www.alterinibus.it\\\/es\\\/?s={search_term_string}\"},\"query-input\":{\"@type\":\"PropertyValueSpecification\",\"valueRequired\":true,\"valueName\":\"search_term_string\"}}],\"inLanguage\":\"es\"}]}<\/script>\n<!-- \/ Yoast SEO plugin. -->","yoast_head_json":{"title":"Servicios - Alterini Bus","description":"Servicios. Iremos donde quieras y cuando quieras para traslados, visitas tur\u00edsticas, viajes de negocios, viajes y tours en Italia y Europa.","robots":{"index":"index","follow":"follow","max-snippet":"max-snippet:-1","max-image-preview":"max-image-preview:large","max-video-preview":"max-video-preview:-1"},"canonical":"https:\/\/www.alterinibus.it\/es\/servicios\/","og_locale":"es_ES","og_type":"article","og_title":"Servicios - Alterini Bus","og_description":"Servicios. Iremos donde quieras y cuando quieras para traslados, visitas tur\u00edsticas, viajes de negocios, viajes y tours en Italia y Europa.","og_url":"https:\/\/www.alterinibus.it\/es\/servicios\/","og_site_name":"Alterini Bus","article_modified_time":"2025-01-08T13:13:33+00:00","twitter_card":"summary_large_image","twitter_misc":{"Tiempo de lectura":"2 minutos"},"schema":{"@context":"https:\/\/schema.org","@graph":[{"@type":"WebPage","@id":"https:\/\/www.alterinibus.it\/es\/servicios\/","url":"https:\/\/www.alterinibus.it\/es\/servicios\/","name":"Servicios - Alterini Bus","isPartOf":{"@id":"https:\/\/www.alterinibus.it\/es\/#website"},"datePublished":"2024-12-24T03:20:10+00:00","dateModified":"2025-01-08T13:13:33+00:00","description":"Servicios. Iremos donde quieras y cuando quieras para traslados, visitas tur\u00edsticas, viajes de negocios, viajes y tours en Italia y Europa.","breadcrumb":{"@id":"https:\/\/www.alterinibus.it\/es\/servicios\/#breadcrumb"},"inLanguage":"es","potentialAction":[{"@type":"ReadAction","target":["https:\/\/www.alterinibus.it\/es\/servicios\/"]}]},{"@type":"BreadcrumbList","@id":"https:\/\/www.alterinibus.it\/es\/servicios\/#breadcrumb","itemListElement":[{"@type":"ListItem","position":1,"name":"Home","item":"https:\/\/www.alterinibus.it\/es\/alterini-bus-alquiler-de-autocares-coches-y-minibuses-en-florencia\/"},{"@type":"ListItem","position":2,"name":"Servicios"}]},{"@type":"WebSite","@id":"https:\/\/www.alterinibus.it\/es\/#website","url":"https:\/\/www.alterinibus.it\/es\/","name":"Alterini Bus","description":"Desde hace m\u00e1s de 60 a\u00f1os s\u00f3lo Gran Turismo en Florencia","potentialAction":[{"@type":"SearchAction","target":{"@type":"EntryPoint","urlTemplate":"https:\/\/www.alterinibus.it\/es\/?s={search_term_string}"},"query-input":{"@type":"PropertyValueSpecification","valueRequired":true,"valueName":"search_term_string"}}],"inLanguage":"es"}]}},"_links":{"self":[{"href":"https:\/\/www.alterinibus.it\/es\/wp-json\/wp\/v2\/pages\/1808","targetHints":{"allow":["GET"]}}],"collection":[{"href":"https:\/\/www.alterinibus.it\/es\/wp-json\/wp\/v2\/pages"}],"about":[{"href":"https:\/\/www.alterinibus.it\/es\/wp-json\/wp\/v2\/types\/page"}],"author":[{"embeddable":true,"href":"https:\/\/www.alterinibus.it\/es\/wp-json\/wp\/v2\/users\/1"}],"replies":[{"embeddable":true,"href":"https:\/\/www.alterinibus.it\/es\/wp-json\/wp\/v2\/comments?post=1808"}],"version-history":[{"count":6,"href":"https:\/\/www.alterinibus.it\/es\/wp-json\/wp\/v2\/pages\/1808\/revisions"}],"predecessor-version":[{"id":2159,"href":"https:\/\/www.alterinibus.it\/es\/wp-json\/wp\/v2\/pages\/1808\/revisions\/2159"}],"wp:attachment":[{"href":"https:\/\/www.alterinibus.it\/es\/wp-json\/wp\/v2\/media?parent=1808"}],"curies":[{"name":"wp","href":"https:\/\/api.w.org\/{rel}","templated":true}]}}