{"id":1629,"date":"2024-12-24T00:54:45","date_gmt":"2024-12-23T23:54:45","guid":{"rendered":"https:\/\/www.alterinibus.it\/reservations\/"},"modified":"2025-01-08T15:15:02","modified_gmt":"2025-01-08T14:15:02","slug":"reservations","status":"publish","type":"page","link":"https:\/\/www.alterinibus.it\/en\/reservations\/","title":{"rendered":"Reservations"},"content":{"rendered":"\n<style type=\"text\/css\" data-created_by=\"avia_inline_auto\" id=\"style-css-av-m5164rem-8113daaa31bd4e14495d295b170ab9ed\">\n#top .av-special-heading.av-m5164rem-8113daaa31bd4e14495d295b170ab9ed{\npadding-bottom:10px;\n}\nbody .av-special-heading.av-m5164rem-8113daaa31bd4e14495d295b170ab9ed .av-special-heading-tag .heading-char{\nfont-size:25px;\n}\n.av-special-heading.av-m5164rem-8113daaa31bd4e14495d295b170ab9ed .av-subheading{\nfont-size:15px;\n}\n<\/style>\n<div  class='av-special-heading av-m5164rem-8113daaa31bd4e14495d295b170ab9ed av-special-heading-h1 blockquote modern-quote  avia-builder-el-0  el_before_av_textblock  avia-builder-el-first '><h1 class='av-special-heading-tag '  itemprop=\"headline\"  >Booking Terms and Conditions<\/h1><div class=\"special-heading-border\"><div class=\"special-heading-inner-border\"><\/div><\/div><\/div>\n<section  class='av_textblock_section av-m5165m6f-bc89b78ab507b7d6e28e71f3f3b2012c '   itemscope=\"itemscope\" itemtype=\"https:\/\/schema.org\/CreativeWork\" ><div class='avia_textblock'  itemprop=\"text\" ><p class=\"paragraph\"><strong>1) Bus Service Reservation<\/strong><br \/>\nThe reservation must be made by fax or e-mail. You must check the rental details carefully and report any errors or changes to us immediately <\/p>\n<p class=\"paragraph\"><strong>2) Payment Terms<\/strong><br \/>\nThe balance of the rental is due within 07 days of the departure date. In case of reservations made within 07 days of the rental, the payment must be made at the time of booking. <\/p>\n<p class=\"paragraph\"><strong>3) Payment Methods<\/strong><br \/>\nPayments are accepted by bank transfer, cash or credit card (VISA\/MASTERCARD).<\/p>\n<p class=\"paragraph\"><strong>4) Cancellation penalties:<\/strong><\/p>\n<p>In case of cancellation of the reservation, immediate communication must be given by telephone and subsequently in writing. Penalties: <\/p>\n<ul>\n<li>More than 07 days from rental = No Charge<\/li>\n<li>Less than 07 days, but more than 24 hours from rental = 50%<\/li>\n<li>Less than 24 hours from rental = 100%<\/li>\n<\/ul>\n<p class=\"paragraph\"><strong>5) Charges for program changes<\/strong><\/p>\n<p>There are no charges for minor changes to the program. If the changes alter the structure of the rental, a charge may be applicable. The decision whether the change is minor or not is at the discretion of Alterini Bus.  <\/p>\n<p class=\"paragraph\"><strong>6) Charges for service extension<\/strong><br \/>\nAny fraction or hour exceeding the scheduled rental time will be charged according to the rates communicated.<\/p>\n<p class=\"paragraph\"><strong>7) Reclami<\/strong><br \/>\nIn caso di un reclamo riguardante il nostro servizio questo dovr\u00e0 essere immediatamente comunicato ai nostri uffici o rappresentanti che cercheranno di risolverlo. Se il problema non \u00e8 risolto in maniera soddisfacente dovr\u00e0 essere fatto un reclamo scritto dettagliato. <\/p>\n<p class=\"paragraph\"><strong>8) Our Responsibility<\/strong><br \/>\nWe will provide the service as specified in the confirmation and will be responsible for the acts or omissions of our employees. If, as a result of unreasonable delays attributable to the Alterini Bus company, the planned program is not completed, the amount relating to that part of the rental will be fully refunded. <\/p>\n<p class=\"paragraph\"><strong>9) We are not responsible for<\/strong><\/p>\n<ul>\n<li class=\"paragraph\">Accident, death, illness of passengers except if caused by a member of the Alterini Bus company<\/li>\n<li>Delays due to unpredictable traffic conditions or adverse weather conditions<\/li>\n<li>Theft of transported goods<\/li>\n<\/ul>\n<p class=\"paragraph\"><strong>10) Insurance Policy<\/strong><\/p>\n<p>All our vehicles are insured by UNIPOL-SAI with the following coverage limits<\/p>\n<ul>\n<li>\u20ac 50,000,000.00 per accident<\/li>\n<li>\u20ac 40,000,000.00 for personal injury<\/li>\n<li>\u20ac 10,000,000.00 for damage to property<\/li>\n<\/ul>\n<p class=\"paragraph\">You are covered by this insurance when traveling on our vehicle for damage to people or things that occur during transportation. It is NOT travel insurance. It is not mandatory to take out other insurance but we recommend doing so especially if you are traveling outside of Italy.  <\/p>\n<p class=\"paragraph\"><strong>11) Maintenance and breakdowns<\/strong><br \/>\nOur vehicles are checked monthly by authorized workshops and annually by the Ministry of Transport. In the event of breakdowns, the vehicle will be repaired or replaced as soon as possible based on the logistics of the problem. The company is not responsible for any inconvenience caused by the consequence of a breakdown.  <\/p>\n<p class=\"paragraph\"><strong>The rental agreement implies acceptance of the clauses set out above.<\/strong><\/p>\n<p class=\"paragraph\"><a href=\"http:\/\/www.alterinibus.it\/preventivo.html\">Request a Quote\u2026<\/a><\/p>\n<h3>Conditions of Transport<\/h3>\n<h4>Alterini Bus coach, car and minibus rental Florence<\/h4>\n<p class=\"paragraph\"><strong>1) Animals<\/strong><br \/>\nAnimals cannot be transported without a permit from the company. Guide dogs are accepted by the company but must be notified before the rental date <\/p>\n<p class=\"paragraph\"><strong>2) Smoking<\/strong><br \/>\nSmoking is not permitted under any circumstances on our buses.<\/p>\n<p class=\"paragraph\"><strong>3) Seat Belts<\/strong><br \/>\nAll our buses are equipped with seat belts on all seats and it is mandatory for every passenger to fasten them on the bus during the journey.<\/p>\n<p class=\"paragraph\"><strong>4) Driving Hours<\/strong><br \/>\nThe hours of employment of the driver are regulated by law. The renter or the passengers cannot delay or interrupt the trip so that the driver violates the regulations.  If this happens the renter is responsible for any additional costs necessary. In compliance with the &#8220;European Social Regulation in the road transport sector&#8221; we remind you of some general rules regarding driving and rest times for drivers:<\/p>\n<ul>\n<li>Permitted daily driving: 9 hours maximum, interspersed with 45 minutes of rest every 4.5 hours.<\/li>\n<li>Daily rest: 11 consecutive hours of rest in a 24-hour period, reduced to 9 consecutive hours 3 days a week, to be made up before the end of the following week.<\/li>\n<\/ul>\n<p class=\"paragraph\">Failure to comply will result in the driver losing two points on his driving licence IN ADDITION TO THE BUS BEING STOPPED ON THE SPOT<\/p>\n<p class=\"paragraph\"><strong>The rental agreement implies acceptance of the clauses set out above.<\/strong><\/p>\n<\/div><\/section>\n\n<style type=\"text\/css\" data-created_by=\"avia_inline_auto\" id=\"style-css-av-m51p34a8-98e6b4be9070cc20cb327389d152b7eb\">\n#top .hr.hr-invisible.av-m51p34a8-98e6b4be9070cc20cb327389d152b7eb{\nheight:50px;\n}\n<\/style>\n<div  class='hr av-m51p34a8-98e6b4be9070cc20cb327389d152b7eb hr-invisible  avia-builder-el-2  el_after_av_textblock  el_before_av_button '><span class='hr-inner '><span class=\"hr-inner-style\"><\/span><\/span><\/div>\n<div  class='avia-button-wrap av-m51p27jc-fd6f75259d9cb341fa209a489c849d99-wrap avia-button-center  avia-builder-el-3  el_after_av_hr  avia-builder-el-last '>\n<style type=\"text\/css\" data-created_by=\"avia_inline_auto\" id=\"style-css-av-m51p27jc-fd6f75259d9cb341fa209a489c849d99\">\n#top #wrap_all .avia-button.av-m51p27jc-fd6f75259d9cb341fa209a489c849d99{\nfont-size:25px;\ntransition:all 0.4s ease-in-out;\n}\n<\/style>\n<a href='https:\/\/www.alterinibus.it\/en\/contact-us\/#preventivo'  class='avia-button av-m51p27jc-fd6f75259d9cb341fa209a489c849d99 av-link-btn avia-icon_select-no avia-size-large avia-position-center avia-color-theme-color'   aria-label=\"Get a quote\"><span class='avia_iconbox_title' >Get a quote<\/span><\/a><\/div>\n","protected":false},"excerpt":{"rendered":"","protected":false},"author":1,"featured_media":0,"parent":0,"menu_order":0,"comment_status":"closed","ping_status":"open","template":"","meta":{"_monsterinsights_skip_tracking":false,"_monsterinsights_sitenote_active":false,"_monsterinsights_sitenote_note":"","_monsterinsights_sitenote_category":0,"footnotes":""},"class_list":["post-1629","page","type-page","status-publish","hentry"],"yoast_head":"<!-- This site is optimized with the Yoast SEO plugin v27.4 - https:\/\/yoast.com\/product\/yoast-seo-wordpress\/ -->\n<title>Reservations - Alterini Bus<\/title>\n<meta name=\"description\" content=\"Reservations. Reservations must be made by fax or e-mail. You must check the rental details carefully.\" \/>\n<meta name=\"robots\" content=\"index, follow, max-snippet:-1, max-image-preview:large, max-video-preview:-1\" \/>\n<link rel=\"canonical\" href=\"https:\/\/www.alterinibus.it\/en\/reservations\/\" \/>\n<meta property=\"og:locale\" content=\"en_US\" \/>\n<meta property=\"og:type\" content=\"article\" \/>\n<meta property=\"og:title\" content=\"Reservations - Alterini Bus\" \/>\n<meta property=\"og:description\" content=\"Reservations. Reservations must be made by fax or e-mail. You must check the rental details carefully.\" \/>\n<meta property=\"og:url\" content=\"https:\/\/www.alterinibus.it\/en\/reservations\/\" \/>\n<meta property=\"og:site_name\" content=\"Alterini Bus\" \/>\n<meta property=\"article:modified_time\" content=\"2025-01-08T14:15:02+00:00\" \/>\n<meta name=\"twitter:card\" content=\"summary_large_image\" \/>\n<meta name=\"twitter:label1\" content=\"Est. reading time\" \/>\n\t<meta name=\"twitter:data1\" content=\"4 minutes\" \/>\n<script type=\"application\/ld+json\" class=\"yoast-schema-graph\">{\"@context\":\"https:\\\/\\\/schema.org\",\"@graph\":[{\"@type\":\"WebPage\",\"@id\":\"https:\\\/\\\/www.alterinibus.it\\\/en\\\/reservations\\\/\",\"url\":\"https:\\\/\\\/www.alterinibus.it\\\/en\\\/reservations\\\/\",\"name\":\"Reservations - Alterini Bus\",\"isPartOf\":{\"@id\":\"https:\\\/\\\/www.alterinibus.it\\\/en\\\/#website\"},\"datePublished\":\"2024-12-23T23:54:45+00:00\",\"dateModified\":\"2025-01-08T14:15:02+00:00\",\"description\":\"Reservations. Reservations must be made by fax or e-mail. You must check the rental details carefully.\",\"breadcrumb\":{\"@id\":\"https:\\\/\\\/www.alterinibus.it\\\/en\\\/reservations\\\/#breadcrumb\"},\"inLanguage\":\"en-US\",\"potentialAction\":[{\"@type\":\"ReadAction\",\"target\":[\"https:\\\/\\\/www.alterinibus.it\\\/en\\\/reservations\\\/\"]}]},{\"@type\":\"BreadcrumbList\",\"@id\":\"https:\\\/\\\/www.alterinibus.it\\\/en\\\/reservations\\\/#breadcrumb\",\"itemListElement\":[{\"@type\":\"ListItem\",\"position\":1,\"name\":\"Home\",\"item\":\"https:\\\/\\\/www.alterinibus.it\\\/en\\\/alterini-bus-coach-car-and-minibus-rental-in-florence\\\/\"},{\"@type\":\"ListItem\",\"position\":2,\"name\":\"Reservations\"}]},{\"@type\":\"WebSite\",\"@id\":\"https:\\\/\\\/www.alterinibus.it\\\/en\\\/#website\",\"url\":\"https:\\\/\\\/www.alterinibus.it\\\/en\\\/\",\"name\":\"Alterini Bus\",\"description\":\"For over 60 years in Florence only Gran Turismo\",\"potentialAction\":[{\"@type\":\"SearchAction\",\"target\":{\"@type\":\"EntryPoint\",\"urlTemplate\":\"https:\\\/\\\/www.alterinibus.it\\\/en\\\/?s={search_term_string}\"},\"query-input\":{\"@type\":\"PropertyValueSpecification\",\"valueRequired\":true,\"valueName\":\"search_term_string\"}}],\"inLanguage\":\"en-US\"}]}<\/script>\n<!-- \/ Yoast SEO plugin. -->","yoast_head_json":{"title":"Reservations - Alterini Bus","description":"Reservations. Reservations must be made by fax or e-mail. You must check the rental details carefully.","robots":{"index":"index","follow":"follow","max-snippet":"max-snippet:-1","max-image-preview":"max-image-preview:large","max-video-preview":"max-video-preview:-1"},"canonical":"https:\/\/www.alterinibus.it\/en\/reservations\/","og_locale":"en_US","og_type":"article","og_title":"Reservations - Alterini Bus","og_description":"Reservations. Reservations must be made by fax or e-mail. You must check the rental details carefully.","og_url":"https:\/\/www.alterinibus.it\/en\/reservations\/","og_site_name":"Alterini Bus","article_modified_time":"2025-01-08T14:15:02+00:00","twitter_card":"summary_large_image","twitter_misc":{"Est. reading time":"4 minutes"},"schema":{"@context":"https:\/\/schema.org","@graph":[{"@type":"WebPage","@id":"https:\/\/www.alterinibus.it\/en\/reservations\/","url":"https:\/\/www.alterinibus.it\/en\/reservations\/","name":"Reservations - Alterini Bus","isPartOf":{"@id":"https:\/\/www.alterinibus.it\/en\/#website"},"datePublished":"2024-12-23T23:54:45+00:00","dateModified":"2025-01-08T14:15:02+00:00","description":"Reservations. Reservations must be made by fax or e-mail. You must check the rental details carefully.","breadcrumb":{"@id":"https:\/\/www.alterinibus.it\/en\/reservations\/#breadcrumb"},"inLanguage":"en-US","potentialAction":[{"@type":"ReadAction","target":["https:\/\/www.alterinibus.it\/en\/reservations\/"]}]},{"@type":"BreadcrumbList","@id":"https:\/\/www.alterinibus.it\/en\/reservations\/#breadcrumb","itemListElement":[{"@type":"ListItem","position":1,"name":"Home","item":"https:\/\/www.alterinibus.it\/en\/alterini-bus-coach-car-and-minibus-rental-in-florence\/"},{"@type":"ListItem","position":2,"name":"Reservations"}]},{"@type":"WebSite","@id":"https:\/\/www.alterinibus.it\/en\/#website","url":"https:\/\/www.alterinibus.it\/en\/","name":"Alterini Bus","description":"For over 60 years in Florence only Gran Turismo","potentialAction":[{"@type":"SearchAction","target":{"@type":"EntryPoint","urlTemplate":"https:\/\/www.alterinibus.it\/en\/?s={search_term_string}"},"query-input":{"@type":"PropertyValueSpecification","valueRequired":true,"valueName":"search_term_string"}}],"inLanguage":"en-US"}]}},"_links":{"self":[{"href":"https:\/\/www.alterinibus.it\/en\/wp-json\/wp\/v2\/pages\/1629","targetHints":{"allow":["GET"]}}],"collection":[{"href":"https:\/\/www.alterinibus.it\/en\/wp-json\/wp\/v2\/pages"}],"about":[{"href":"https:\/\/www.alterinibus.it\/en\/wp-json\/wp\/v2\/types\/page"}],"author":[{"embeddable":true,"href":"https:\/\/www.alterinibus.it\/en\/wp-json\/wp\/v2\/users\/1"}],"replies":[{"embeddable":true,"href":"https:\/\/www.alterinibus.it\/en\/wp-json\/wp\/v2\/comments?post=1629"}],"version-history":[{"count":7,"href":"https:\/\/www.alterinibus.it\/en\/wp-json\/wp\/v2\/pages\/1629\/revisions"}],"predecessor-version":[{"id":2206,"href":"https:\/\/www.alterinibus.it\/en\/wp-json\/wp\/v2\/pages\/1629\/revisions\/2206"}],"wp:attachment":[{"href":"https:\/\/www.alterinibus.it\/en\/wp-json\/wp\/v2\/media?parent=1629"}],"curies":[{"name":"wp","href":"https:\/\/api.w.org\/{rel}","templated":true}]}}