{"id":1603,"date":"2024-12-24T04:19:56","date_gmt":"2024-12-24T03:19:56","guid":{"rendered":"https:\/\/www.alterinibus.it\/contact-us\/"},"modified":"2026-02-03T14:04:09","modified_gmt":"2026-02-03T13:04:09","slug":"contact-us","status":"publish","type":"page","link":"https:\/\/www.alterinibus.it\/en\/contact-us\/","title":{"rendered":"Contact us"},"content":{"rendered":"<div id='av-layout-grid-1'  class='av-layout-grid-container av-gb7mi-55a2f032dd978b2df0e554a7e9219bcb entry-content-wrapper main_color av-flex-cells  avia-builder-el-0  el_before_av_section  avia-builder-el-first   container_wrap sidebar_right'  >\n<div class='flex_cell av-6wl1e-0ba01fda86c9dae756b9e36c65591c2e av-gridrow-cell av_one_full no_margin  avia-builder-el-1  avia-builder-el-no-sibling '  ><div class='flex_cell_inner'>\n<style type=\"text\/css\" data-created_by=\"avia_inline_auto\" id=\"style-css-av-m51r41sd-62c24a5dd561bec1a6967eea2747fcd1\">\n.avia-image-container.av-m51r41sd-62c24a5dd561bec1a6967eea2747fcd1 img.avia_image{\nbox-shadow:none;\n}\n.avia-image-container.av-m51r41sd-62c24a5dd561bec1a6967eea2747fcd1 .av-image-caption-overlay-center{\ncolor:#ffffff;\n}\n<\/style>\n<div  class='avia-image-container av-m51r41sd-62c24a5dd561bec1a6967eea2747fcd1 av-styling- av-img-linked avia-align-center  avia-builder-el-2  avia-builder-el-no-sibling '   itemprop=\"image\" itemscope=\"itemscope\" itemtype=\"https:\/\/schema.org\/ImageObject\" ><div class=\"avia-image-container-inner\"><div class=\"avia-image-overlay-wrap\"><a href=\"https:\/\/www.google.it\/maps\/place\/Alterini+Bus+srl\/@43.7973069,11.2024651,17z\/data=!3m1!4b1!4m6!3m5!1s0x132a571dc6d98867:0xa067ae9bcb92cf5e!8m2!3d43.7973069!4d11.2050454!16s%2Fg%2F1tdq378y?entry=ttu&amp;g_ep=EgoyMDI1MDEwMS4wIKXMDSoASAFQAw%3D%3D\" class='avia_image '  aria-label='Contattaci'><img decoding=\"async\" fetchpriority=\"high\" class='wp-image-2114 avia-img-lazy-loading-not-2114 avia_image ' src=\"https:\/\/www.alterinibus.it\/wp-content\/uploads\/2025\/01\/mappa-googlemap.jpg\" alt='Contattaci' title='Contattaci'  height=\"940\" width=\"1980\"  itemprop=\"thumbnailUrl\" srcset=\"https:\/\/www.alterinibus.it\/wp-content\/uploads\/2025\/01\/mappa-googlemap.jpg 1980w, https:\/\/www.alterinibus.it\/wp-content\/uploads\/2025\/01\/mappa-googlemap-300x142.jpg 300w, https:\/\/www.alterinibus.it\/wp-content\/uploads\/2025\/01\/mappa-googlemap-1030x489.jpg 1030w, https:\/\/www.alterinibus.it\/wp-content\/uploads\/2025\/01\/mappa-googlemap-768x365.jpg 768w, https:\/\/www.alterinibus.it\/wp-content\/uploads\/2025\/01\/mappa-googlemap-1536x729.jpg 1536w, https:\/\/www.alterinibus.it\/wp-content\/uploads\/2025\/01\/mappa-googlemap-1500x712.jpg 1500w, https:\/\/www.alterinibus.it\/wp-content\/uploads\/2025\/01\/mappa-googlemap-705x335.jpg 705w\" sizes=\"(max-width: 1980px) 100vw, 1980px\" \/><\/a><\/div><\/div><\/div>\n<\/div><\/div>\n<\/div>\n<div id='av_section_1'  class='avia-section av-3l6hei-9e92f5c2cce57d4994724d096a8d9fcd main_color avia-section-huge avia-no-border-styling  avia-builder-el-3  el_after_av_layout_row  avia-builder-el-last  avia-bg-style-scroll container_wrap sidebar_right'  ><div class='container av-section-cont-open' ><div class='template-page content  av-content-small alpha units'><div class='post-entry post-entry-type-page post-entry-1603'><div class='entry-content-wrapper clearfix'>\n<div class='flex_column_table av-3c2jui-9527d25cb2c7bd95f5ef1cd1fd17b6fc sc-av_one_third av-equal-height-column-flextable'>\n<style type=\"text\/css\" data-created_by=\"avia_inline_auto\" id=\"style-css-av-3c2jui-9527d25cb2c7bd95f5ef1cd1fd17b6fc\">\n#top .flex_column_table.av-equal-height-column-flextable.av-3c2jui-9527d25cb2c7bd95f5ef1cd1fd17b6fc{\nmargin-top:-200px;\nmargin-bottom:0px;\n}\n.flex_column.av-3c2jui-9527d25cb2c7bd95f5ef1cd1fd17b6fc{\nborder-radius:0px 0px 0px 0px;\npadding:40px 40px 40px 40px;\n}\n<\/style>\n<div  class='flex_column av-3c2jui-9527d25cb2c7bd95f5ef1cd1fd17b6fc av_one_third  avia-builder-el-4  el_before_av_one_third  avia-builder-el-first  first no_margin flex_column_table_cell av-equal-height-column av-align-top  '     ><\/div>\n<style type=\"text\/css\" data-created_by=\"avia_inline_auto\" id=\"style-css-av-36owea-f535620f173ad47dcf7113b631fe9427\">\n#top .flex_column_table.av-equal-height-column-flextable.av-36owea-f535620f173ad47dcf7113b631fe9427{\nmargin-top:-200px;\nmargin-bottom:0px;\n}\n.flex_column.av-36owea-f535620f173ad47dcf7113b631fe9427{\nborder-radius:0px 0px 0px 0px;\npadding:40px 40px 40px 40px;\nbackground-color:#e32f1e;\n}\n<\/style>\n<div  class='flex_column av-36owea-f535620f173ad47dcf7113b631fe9427 av_one_third  avia-builder-el-5  el_after_av_one_third  el_before_av_one_third  no_margin flex_column_table_cell av-equal-height-column av-align-top  '     ><p>\n<style type=\"text\/css\" data-created_by=\"avia_inline_auto\" id=\"style-css-av-31ak96-3a33b4ed1574a62e39c64566a767b3fd\">\n.av_font_icon.av-31ak96-3a33b4ed1574a62e39c64566a767b3fd{\ncolor:#ffffff;\nborder-color:#ffffff;\n}\n.av_font_icon.av-31ak96-3a33b4ed1574a62e39c64566a767b3fd .av-icon-char{\nfont-size:60px;\nline-height:60px;\n}\n<\/style>\n<span  class='av_font_icon av-31ak96-3a33b4ed1574a62e39c64566a767b3fd avia_animate_when_visible av-icon-style- avia-icon-pos-center avia-icon-animate'><span class='av-icon-char' aria-hidden='true' data-av_icon='\ue805' data-av_iconfont='entypo-fontello' ><\/span><\/span><br \/>\n\n<style type=\"text\/css\" data-created_by=\"avia_inline_auto\" id=\"style-css-av-2xaldu-e6db00254b813ef2a18fa60160df9a0f\">\n#top .hr.hr-invisible.av-2xaldu-e6db00254b813ef2a18fa60160df9a0f{\nheight:20px;\n}\n<\/style>\n<div  class='hr av-2xaldu-e6db00254b813ef2a18fa60160df9a0f hr-invisible  avia-builder-el-7  el_after_av_font_icon  el_before_av_textblock '><span class='hr-inner '><span class=\"hr-inner-style\"><\/span><\/span><\/div><br \/>\n\n<style type=\"text\/css\" data-created_by=\"avia_inline_auto\" id=\"style-css-av-2smvkq-b5c138ea4e7baa2326b109d82ab8cbdc\">\n#top .av_textblock_section.av-2smvkq-b5c138ea4e7baa2326b109d82ab8cbdc .avia_textblock{\ncolor:#ffffff;\n}\n<\/style>\n<section  class='av_textblock_section av-2smvkq-b5c138ea4e7baa2326b109d82ab8cbdc '   itemscope=\"itemscope\" itemtype=\"https:\/\/schema.org\/CreativeWork\" ><div class='avia_textblock av_inherit_color'  itemprop=\"text\" ><h1 style=\"text-align: center;\">CONTACT US<\/h1>\n<p style=\"text-align: center;\">CONTACT US, REQUEST A QUOTE FOR YOUR BOOKING<\/p>\n<\/div><\/section><br \/>\n\n<style type=\"text\/css\" data-created_by=\"avia_inline_auto\" id=\"style-css-av-2k722q-1b520c8807031e038a631f590fdf4a83\">\n#top .hr.hr-invisible.av-2k722q-1b520c8807031e038a631f590fdf4a83{\nheight:8px;\n}\n<\/style>\n<div  class='hr av-2k722q-1b520c8807031e038a631f590fdf4a83 hr-invisible  avia-builder-el-9  el_after_av_textblock  avia-builder-el-last '><span class='hr-inner '><span class=\"hr-inner-style\"><\/span><\/span><\/div><\/p><\/div>\n<style type=\"text\/css\" data-created_by=\"avia_inline_auto\" id=\"style-css-av-2dptgy-9e88d814e0959b2a5c5bfcf9ed385c94\">\n#top .flex_column_table.av-equal-height-column-flextable.av-2dptgy-9e88d814e0959b2a5c5bfcf9ed385c94{\nmargin-top:-200px;\nmargin-bottom:0px;\n}\n.flex_column.av-2dptgy-9e88d814e0959b2a5c5bfcf9ed385c94{\nborder-radius:0px 0px 0px 0px;\npadding:40px 40px 40px 40px;\n}\n<\/style>\n<div  class='flex_column av-2dptgy-9e88d814e0959b2a5c5bfcf9ed385c94 av_one_third  avia-builder-el-10  el_after_av_one_third  el_before_av_one_half  no_margin flex_column_table_cell av-equal-height-column av-align-top  '     ><\/div><\/div><!--close column table wrapper. Autoclose: 1 -->\n<style type=\"text\/css\" data-created_by=\"avia_inline_auto\" id=\"style-css-av-2aeuai-3d1dcea3a80d1ee62e44cc9dcde1f0e8\">\n.flex_column.av-2aeuai-3d1dcea3a80d1ee62e44cc9dcde1f0e8{\nborder-radius:0px 0px 0px 0px;\npadding:0px 0px 0px 0px;\n}\n<\/style>\n<div  id=\"preventive\"  class='flex_column av-2aeuai-3d1dcea3a80d1ee62e44cc9dcde1f0e8 av_one_half  avia-builder-el-11  el_after_av_one_third  el_before_av_one_half  first flex_column_div av-animated-generic bottom-to-top av-zero-column-padding  column-top-margin'     ><p>\n<style type=\"text\/css\" data-created_by=\"avia_inline_auto\" id=\"style-css-av-21rl1m-82e801d0857c4687cd3310682340c2c9\">\n#top .av-special-heading.av-21rl1m-82e801d0857c4687cd3310682340c2c9{\npadding-bottom:20px;\nfont-size:34px;\n}\nbody .av-special-heading.av-21rl1m-82e801d0857c4687cd3310682340c2c9 .av-special-heading-tag .heading-char{\nfont-size:25px;\n}\n#top #wrap_all .av-special-heading.av-21rl1m-82e801d0857c4687cd3310682340c2c9 .av-special-heading-tag{\nfont-size:34px;\n}\n.av-special-heading.av-21rl1m-82e801d0857c4687cd3310682340c2c9 .av-subheading{\nfont-size:15px;\n}\n\n@media only screen and (min-width: 480px) and (max-width: 767px){ \n#top #wrap_all .av-special-heading.av-21rl1m-82e801d0857c4687cd3310682340c2c9 .av-special-heading-tag{\nfont-size:0.8em;\n}\n}\n\n@media only screen and (max-width: 479px){ \n#top #wrap_all .av-special-heading.av-21rl1m-82e801d0857c4687cd3310682340c2c9 .av-special-heading-tag{\nfont-size:0.8em;\n}\n}\n<\/style>\n<div  class='av-special-heading av-21rl1m-82e801d0857c4687cd3310682340c2c9 av-special-heading-h3 blockquote modern-quote  avia-builder-el-12  el_before_av_contact  avia-builder-el-first  av-inherit-size'><h3 class='av-special-heading-tag '  itemprop=\"headline\"  >Request a quote<\/h3><div class='av-subheading av-subheading_below'><p>Contact us now!<\/p>\n<\/div><div class=\"special-heading-border\"><div class=\"special-heading-inner-border\"><\/div><\/div><\/div><br \/>\n<form action=\"https:\/\/www.alterinibus.it\/en\/contact-us\/\" method=\"post\" data-fields-with-error=\"Found errors in the following field(s):\" class=\"avia_ajax_form av-form-labels-hidden   avia-builder-el-13  el_after_av_heading  avia-builder-el-last   \" data-avia-form-id=\"1\" data-avia-redirect=''  aria-label='Modulo di contatto' ><fieldset><p class='  first_form  form_element form_element_half' id='element_avia_1_1'><label for=\"avia_1_1\">Name <abbr class=\"required\" title=\"required\">*<\/abbr><\/label> <input name=\"avia_1_1\" class=\"text_input is_empty\" type=\"text\" id=\"avia_1_1\" value=\"\"  placeholder='Name*'\/><\/p><p class='  form_element form_element_half' id='element_avia_2_1'><label for=\"avia_2_1\">E-Mail <abbr class=\"required\" title=\"required\">*<\/abbr><\/label> <input name=\"avia_2_1\" class=\"text_input is_email\" type=\"text\" id=\"avia_2_1\" value=\"\"  placeholder='E-Mail*'\/><\/p><p class='  first_form  form_element form_fullwidth' id='element_avia_3_1'><label for=\"avia_3_1\">Srvice type <abbr class=\"required\" title=\"required\">*<\/abbr><\/label><select  name=\"avia_3_1\" class=\"select is_empty\" id=\"avia_3_1\"><option class=\"av-placeholder\" disabled=\"disabled\" selected=\"selected\" value=''>Srvice type*<\/option><option   value='Autob\u00fas tur\u00edstico de 58 plazas'>Autob\u00fas tur\u00edstico de 58 plazas<\/option><option   value='Autob\u00fas tur\u00edstico de 52 plazas'>Autob\u00fas tur\u00edstico de 52 plazas<\/option><option   value='Mercedes de 30 plazas'>Mercedes de 30 plazas<\/option><option   value='Mercedes de 20 plazas'>Mercedes de 20 plazas<\/option><option   value='Mercedes de 8 plazas'>Mercedes de 8 plazas<\/option><option   value='Mercedes de 7 plazas'>Mercedes de 7 plazas<\/option><\/select><\/p><p class='  first_form  form_element form_fullwidth' id='element_avia_4_1'><label for=\"avia_4_1\">Favorite date<\/label> <input name=\"avia_4_1\" class=\"avia_datepicker text_input \" type=\"text\" id=\"avia_4_1\" value=\"\" placeholder=\"Favorite date\" inputmode=\"none\" \/><\/p><p class='  first_form  form_element form_fullwidth' id='element_avia_5_1'><label for=\"avia_5_1\">Favorite time<\/label> <input name=\"avia_5_1\" class=\"text_input \" type=\"text\" id=\"avia_5_1\" value=\"\"  placeholder='Favorite time'\/><\/p><p class='  first_form  form_element form_fullwidth' id='element_avia_6_1'><label for=\"avia_6_1\">Email subject <abbr class=\"required\" title=\"required\">*<\/abbr><\/label> <input name=\"avia_6_1\" class=\"text_input is_empty\" type=\"text\" id=\"avia_6_1\" value=\"\"  placeholder='Email subject*'\/><\/p><p class='  first_form  form_element form_fullwidth' id='element_avia_7_1'><label for=\"avia_7_1\" class=\"textare_label hidden textare_label_avia_7_1\">Message <abbr class=\"required\" title=\"required\">*<\/abbr><\/label><textarea  placeholder='Message*' name=\"avia_7_1\" class=\"text_area is_empty\" cols=\"40\" rows=\"7\" id=\"avia_7_1\" ><\/textarea><\/p><p class=\"hidden\"><input type=\"text\" name=\"avia_8_1\" class=\"hidden \" id=\"avia_8_1\" value=\"\" \/><\/p><p class='   form_element form_fullwidth av-last-visible-form-element' id='element_avia_9_1'><span class='value_verifier_label'>1 + 0 = ?<\/span><input name=\"avia_9_1_verifier\" type=\"hidden\" id=\"avia_9_1_verifier\" value=\"776611744\"\/><label for=\"avia_9_1\">Please prove that you are human by solving the equation <abbr class=\"required\" title=\"required\">*<\/abbr><\/label><input name=\"avia_9_1\" class=\"text_input captcha\" type=\"text\" id=\"avia_9_1\" value=\"\"\/><\/p><p class=' av_form_privacy_check av_contact_privacy_check first_form  form_element form_fullwidth' id='element_avia_10_1'><input  name=\"avia_10_1\" class=\"input_checkbox is_empty\" type=\"checkbox\" id=\"avia_10_1\" value=\"true\"\/><label class=\"input_checkbox_label\" for=\"avia_10_1\">I agree to the terms and conditions laid out in the <a href='https:\/\/www.alterinibus.it\/privacy-policy\/' target='_blank' rel=\"noopener\">Privacy Policy<\/a> <abbr class=\"required\" title=\"required\">*<\/abbr><\/label><\/p><p class=\"form_element \"><input type=\"hidden\" value=\"1\" name=\"avia_generated_form1\" \/><input type=\"submit\" value=\"Enviar solicitud\" class=\"button\"  data-sending-label=\"Sending\"\/><\/p><\/fieldset><\/form><div id=\"ajaxresponse_1\" class=\"ajaxresponse ajaxresponse_1 hidden\"><\/div><\/p><\/div>\n<style type=\"text\/css\" data-created_by=\"avia_inline_auto\" id=\"style-css-av-2rmdu-6ba2d797a6b373f7cbf42c11d2765b0b\">\n.flex_column.av-2rmdu-6ba2d797a6b373f7cbf42c11d2765b0b{\nborder-radius:0px 0px 0px 0px;\npadding:0px 0px 0px 0px;\n}\n<\/style>\n<div  class='flex_column av-2rmdu-6ba2d797a6b373f7cbf42c11d2765b0b av_one_half  avia-builder-el-14  el_after_av_one_half  avia-builder-el-last  flex_column_div av-animated-generic bottom-to-top av-zero-column-padding  column-top-margin'     ><p>\n<style type=\"text\/css\" data-created_by=\"avia_inline_auto\" id=\"style-css-av-1x3ma-b06268e8c95bb993cf2b5df166a90007\">\n#top .av-special-heading.av-1x3ma-b06268e8c95bb993cf2b5df166a90007{\npadding-bottom:20px;\nfont-size:34px;\n}\nbody .av-special-heading.av-1x3ma-b06268e8c95bb993cf2b5df166a90007 .av-special-heading-tag .heading-char{\nfont-size:25px;\n}\n#top #wrap_all .av-special-heading.av-1x3ma-b06268e8c95bb993cf2b5df166a90007 .av-special-heading-tag{\nfont-size:34px;\n}\n.av-special-heading.av-1x3ma-b06268e8c95bb993cf2b5df166a90007 .av-subheading{\nfont-size:15px;\n}\n\n@media only screen and (min-width: 480px) and (max-width: 767px){ \n#top #wrap_all .av-special-heading.av-1x3ma-b06268e8c95bb993cf2b5df166a90007 .av-special-heading-tag{\nfont-size:0.8em;\n}\n}\n\n@media only screen and (max-width: 479px){ \n#top #wrap_all .av-special-heading.av-1x3ma-b06268e8c95bb993cf2b5df166a90007 .av-special-heading-tag{\nfont-size:0.8em;\n}\n}\n<\/style>\n<div  class='av-special-heading av-1x3ma-b06268e8c95bb993cf2b5df166a90007 av-special-heading-h3 blockquote modern-quote  avia-builder-el-15  el_before_av_textblock  avia-builder-el-first  av-inherit-size'><h3 class='av-special-heading-tag '  itemprop=\"headline\"  >Where you can find us<\/h3><div class='av-subheading av-subheading_below'><p>You can find us here:<\/p>\n<\/div><div class=\"special-heading-border\"><div class=\"special-heading-inner-border\"><\/div><\/div><\/div><br \/>\n<section  class='av_textblock_section av-hrf96-9008e73e022cb567eecb76df7fbe669b '   itemscope=\"itemscope\" itemtype=\"https:\/\/schema.org\/CreativeWork\" ><div class='avia_textblock'  itemprop=\"text\" ><p><strong>Alterini Bus<\/strong><\/p>\n<p>Viuzzo delle Calvane, 15<\/p>\n<p>50127 <strong>Florence<\/strong>, ITALY<\/p>\n<p><a href=\"tel:+39055317657\">Phone +39 055 317 657<\/a><\/p>\n<p><a href=\"tel:+39055315787\">Phone +39 055 315 787<\/a><\/p>\n<p><strong>24-hour emergency: +39.335.5343756<\/strong><\/p>\n<p>Email: <a href=\"mailto:info@alterinibus.it\">info@alterinibus.it<\/a><\/p>\n<\/div><\/section><br \/>\n<section  class='av_textblock_section av-m51xbcf0-b8112a48dec499297896adaffda062b0 '   itemscope=\"itemscope\" itemtype=\"https:\/\/schema.org\/CreativeWork\" ><div class='avia_textblock'  itemprop=\"text\" ><p class=\"paragraph\">We are located next to the Florence airport and just minutes from the city center. It is a perfect location that allows our buses quick and easy access to our customers in the city and surrounding areas.<\/p>\n<p class=\"paragraph\"><strong>The company <a href=\"https:\/\/www.alterinibus.it\/en\/who-we-are\/\">ALTERINI BUS<\/a> specializes in the rental of grand touring coaches, chauffeur-driven cars and minibuses for domestic and international tourist services.<\/strong><\/p>\n<\/div><\/section><br \/>\n<div  class='hr av-m51s49po-bc1f78fd41493f443c1800b0940bf376 hr-default  avia-builder-el-18  el_after_av_textblock  el_before_av_textblock '><span class='hr-inner '><span class=\"hr-inner-style\"><\/span><\/span><\/div><br \/>\n<section  class='av_textblock_section av-a23gi-b958222ed9df3f5c79c7f6bda9758eb9 '   itemscope=\"itemscope\" itemtype=\"https:\/\/schema.org\/CreativeWork\" ><div class='avia_textblock'  itemprop=\"text\" ><h3>Office Hours.<\/h3>\n<p>Monday to Friday: 09:00 a.m. to 19:00 p.m.<\/p>\n<p>Saturday: 9 a.m.-1 p.m.<\/p>\n<p>Sunday: closed<\/p>\n<\/div><\/section><\/p><\/div><\/div><\/div><\/div><!-- close content main div --><\/div><\/div><div id='after_section_1'  class='main_color av_default_container_wrap container_wrap sidebar_right'  ><div class='container av-section-cont-open' ><div class='template-page content  av-content-small alpha units'><div class='post-entry post-entry-type-page post-entry-1603'><div class='entry-content-wrapper clearfix'>\n","protected":false},"excerpt":{"rendered":"","protected":false},"author":1,"featured_media":0,"parent":0,"menu_order":0,"comment_status":"closed","ping_status":"closed","template":"","meta":{"_monsterinsights_skip_tracking":false,"_monsterinsights_sitenote_active":false,"_monsterinsights_sitenote_note":"","_monsterinsights_sitenote_category":0,"footnotes":""},"class_list":["post-1603","page","type-page","status-publish","hentry"],"yoast_head":"<!-- This site is optimized with the Yoast SEO plugin v27.4 - https:\/\/yoast.com\/product\/yoast-seo-wordpress\/ -->\n<title>Contact us - Alterini Bus<\/title>\n<meta name=\"description\" content=\"CONTACT US. The ALTERINI BUS company is specialized in the rental of luxury coaches, cars and minibuses with driver...\" \/>\n<meta name=\"robots\" content=\"index, follow, max-snippet:-1, max-image-preview:large, max-video-preview:-1\" \/>\n<link rel=\"canonical\" href=\"https:\/\/www.alterinibus.it\/en\/contact-us\/\" \/>\n<meta property=\"og:locale\" content=\"en_US\" \/>\n<meta property=\"og:type\" content=\"article\" \/>\n<meta property=\"og:title\" content=\"Contact us - Alterini Bus\" \/>\n<meta property=\"og:description\" content=\"CONTACT US. The ALTERINI BUS company is specialized in the rental of luxury coaches, cars and minibuses with driver...\" \/>\n<meta property=\"og:url\" content=\"https:\/\/www.alterinibus.it\/en\/contact-us\/\" \/>\n<meta property=\"og:site_name\" content=\"Alterini Bus\" \/>\n<meta property=\"article:modified_time\" content=\"2026-02-03T13:04:09+00:00\" \/>\n<meta name=\"twitter:card\" content=\"summary_large_image\" \/>\n<meta name=\"twitter:label1\" content=\"Est. reading time\" \/>\n\t<meta name=\"twitter:data1\" content=\"2 minutes\" \/>\n<script type=\"application\/ld+json\" class=\"yoast-schema-graph\">{\"@context\":\"https:\\\/\\\/schema.org\",\"@graph\":[{\"@type\":\"WebPage\",\"@id\":\"https:\\\/\\\/www.alterinibus.it\\\/en\\\/contact-us\\\/\",\"url\":\"https:\\\/\\\/www.alterinibus.it\\\/en\\\/contact-us\\\/\",\"name\":\"Contact us - Alterini Bus\",\"isPartOf\":{\"@id\":\"https:\\\/\\\/www.alterinibus.it\\\/en\\\/#website\"},\"datePublished\":\"2024-12-24T03:19:56+00:00\",\"dateModified\":\"2026-02-03T13:04:09+00:00\",\"description\":\"CONTACT US. The ALTERINI BUS company is specialized in the rental of luxury coaches, cars and minibuses with driver...\",\"breadcrumb\":{\"@id\":\"https:\\\/\\\/www.alterinibus.it\\\/en\\\/contact-us\\\/#breadcrumb\"},\"inLanguage\":\"en-US\",\"potentialAction\":[{\"@type\":\"ReadAction\",\"target\":[\"https:\\\/\\\/www.alterinibus.it\\\/en\\\/contact-us\\\/\"]}]},{\"@type\":\"BreadcrumbList\",\"@id\":\"https:\\\/\\\/www.alterinibus.it\\\/en\\\/contact-us\\\/#breadcrumb\",\"itemListElement\":[{\"@type\":\"ListItem\",\"position\":1,\"name\":\"Home\",\"item\":\"https:\\\/\\\/www.alterinibus.it\\\/en\\\/alterini-bus-coach-car-and-minibus-rental-in-florence\\\/\"},{\"@type\":\"ListItem\",\"position\":2,\"name\":\"Contact us\"}]},{\"@type\":\"WebSite\",\"@id\":\"https:\\\/\\\/www.alterinibus.it\\\/en\\\/#website\",\"url\":\"https:\\\/\\\/www.alterinibus.it\\\/en\\\/\",\"name\":\"Alterini Bus\",\"description\":\"For over 60 years in Florence only Gran Turismo\",\"potentialAction\":[{\"@type\":\"SearchAction\",\"target\":{\"@type\":\"EntryPoint\",\"urlTemplate\":\"https:\\\/\\\/www.alterinibus.it\\\/en\\\/?s={search_term_string}\"},\"query-input\":{\"@type\":\"PropertyValueSpecification\",\"valueRequired\":true,\"valueName\":\"search_term_string\"}}],\"inLanguage\":\"en-US\"}]}<\/script>\n<!-- \/ Yoast SEO plugin. -->","yoast_head_json":{"title":"Contact us - Alterini Bus","description":"CONTACT US. The ALTERINI BUS company is specialized in the rental of luxury coaches, cars and minibuses with driver...","robots":{"index":"index","follow":"follow","max-snippet":"max-snippet:-1","max-image-preview":"max-image-preview:large","max-video-preview":"max-video-preview:-1"},"canonical":"https:\/\/www.alterinibus.it\/en\/contact-us\/","og_locale":"en_US","og_type":"article","og_title":"Contact us - Alterini Bus","og_description":"CONTACT US. The ALTERINI BUS company is specialized in the rental of luxury coaches, cars and minibuses with driver...","og_url":"https:\/\/www.alterinibus.it\/en\/contact-us\/","og_site_name":"Alterini Bus","article_modified_time":"2026-02-03T13:04:09+00:00","twitter_card":"summary_large_image","twitter_misc":{"Est. reading time":"2 minutes"},"schema":{"@context":"https:\/\/schema.org","@graph":[{"@type":"WebPage","@id":"https:\/\/www.alterinibus.it\/en\/contact-us\/","url":"https:\/\/www.alterinibus.it\/en\/contact-us\/","name":"Contact us - Alterini Bus","isPartOf":{"@id":"https:\/\/www.alterinibus.it\/en\/#website"},"datePublished":"2024-12-24T03:19:56+00:00","dateModified":"2026-02-03T13:04:09+00:00","description":"CONTACT US. The ALTERINI BUS company is specialized in the rental of luxury coaches, cars and minibuses with driver...","breadcrumb":{"@id":"https:\/\/www.alterinibus.it\/en\/contact-us\/#breadcrumb"},"inLanguage":"en-US","potentialAction":[{"@type":"ReadAction","target":["https:\/\/www.alterinibus.it\/en\/contact-us\/"]}]},{"@type":"BreadcrumbList","@id":"https:\/\/www.alterinibus.it\/en\/contact-us\/#breadcrumb","itemListElement":[{"@type":"ListItem","position":1,"name":"Home","item":"https:\/\/www.alterinibus.it\/en\/alterini-bus-coach-car-and-minibus-rental-in-florence\/"},{"@type":"ListItem","position":2,"name":"Contact us"}]},{"@type":"WebSite","@id":"https:\/\/www.alterinibus.it\/en\/#website","url":"https:\/\/www.alterinibus.it\/en\/","name":"Alterini Bus","description":"For over 60 years in Florence only Gran Turismo","potentialAction":[{"@type":"SearchAction","target":{"@type":"EntryPoint","urlTemplate":"https:\/\/www.alterinibus.it\/en\/?s={search_term_string}"},"query-input":{"@type":"PropertyValueSpecification","valueRequired":true,"valueName":"search_term_string"}}],"inLanguage":"en-US"}]}},"_links":{"self":[{"href":"https:\/\/www.alterinibus.it\/en\/wp-json\/wp\/v2\/pages\/1603","targetHints":{"allow":["GET"]}}],"collection":[{"href":"https:\/\/www.alterinibus.it\/en\/wp-json\/wp\/v2\/pages"}],"about":[{"href":"https:\/\/www.alterinibus.it\/en\/wp-json\/wp\/v2\/types\/page"}],"author":[{"embeddable":true,"href":"https:\/\/www.alterinibus.it\/en\/wp-json\/wp\/v2\/users\/1"}],"replies":[{"embeddable":true,"href":"https:\/\/www.alterinibus.it\/en\/wp-json\/wp\/v2\/comments?post=1603"}],"version-history":[{"count":31,"href":"https:\/\/www.alterinibus.it\/en\/wp-json\/wp\/v2\/pages\/1603\/revisions"}],"predecessor-version":[{"id":2243,"href":"https:\/\/www.alterinibus.it\/en\/wp-json\/wp\/v2\/pages\/1603\/revisions\/2243"}],"wp:attachment":[{"href":"https:\/\/www.alterinibus.it\/en\/wp-json\/wp\/v2\/media?parent=1603"}],"curies":[{"name":"wp","href":"https:\/\/api.w.org\/{rel}","templated":true}]}}